{"id":1036,"date":"2014-10-21T11:32:59","date_gmt":"2014-10-21T11:32:59","guid":{"rendered":"http:\/\/szwajcarkakudowa.pl\/?page_id=1036"},"modified":"2014-10-21T11:32:59","modified_gmt":"2014-10-21T11:32:59","slug":"attractions","status":"publish","type":"page","link":"http:\/\/szwajcarkakudowa.pl\/en\/offer\/attractions\/","title":{"rendered":"Attractions"},"content":{"rendered":"<p>Variety and diverse character of pastimes in \u201cSzwajcarka\u201d satisfies the most wide-ranging needs.<\/p>\n<p>Kudowa \u2013 a\u00a0resort of great tradition and renown \u2013 offers a\u00a0full base of spa and beauty treatments.\u00a0Abeautifully arranged park\u00a0with a\u00a0pump room invites strollers.\u00a0A lovely destination for walks may also be the\u00a0Skull Chapel in Kudowa \u2013 Czermna, the\u00a0Frog Museum\u00a0or the\u00a0Museum of Toys.\u00a0Other places of interest include the open-air\u00a0heritage museum\u00a0in Kudowa-Pstr\u0105\u017cna (<a href=\"http:\/\/www.skansen.kudowa.pl\/\">www.skansen.kudowa.pl<\/a>) and the\u00a0Trail of Vanishing Professions.<\/p>\n<p>Local\u00a0Aqua Park\u00a0is also very popular among tourists (<a href=\"http:\/\/www.basen.eurograf.pl\/\">www.basen.eurograf.pl<\/a>).<br \/> Enthusiasts will not be disappointed with visits to\u00a0the\u00a0ropeslide park\u00a0(<a href=\"http:\/\/www.mountain.com.pl\/\">www.mountain.com.pl<\/a>) and gourmets will be delighted with a\u00a0taste of\u00a0fresh trout, caught at one of the local fisheries \u2013 fryers.\u00a0Horse riding\u00a0enthusiasts enjoy rides at any level of proficiency including racing (<a href=\"http:\/\/www.rancho-montana.pl\/\">www.rancho-montana.pl<\/a>).<\/p>\n<p>The regions primal attraction is definitely the extraordinary rock formations in the\u00a0Table Mountains National Park\u00a0(<a href=\"http:\/\/www.pngs.com.pl\/\">www.pngs.com.pl<\/a>\u00a0).\u00a0Marked tourist trails exceed 100 km. One can\u2019t consider recreation in Kudowa complete without a\u00a0trip to\u00a0Szczelniec\u00a0or\u00a0B\u0142\u0119dne Ska\u0142y\u00a0rock labyrinth.\u00a0One may organize trips individually or use services of licensed\u00a0PTTK tourist guides(<a href=\"http:\/\/www.przewodnicy.kudowa.pl\/\">przewodnicy.kudowa.pl<\/a>).\u00a0<\/p>\n<p>Table mountains\u00a0appeal also to\u00a0rock climbers\u00a0and\u00a0cyclists. Cycling routes\u2019 descriptions are included at the national park\u2019s website\u00a0 (<a href=\"http:\/\/www.pngs.com.pl\/\">www.pngs.com.pl<\/a>)<\/p>\n<p>Zieleniec\u00a0a\u00a0settlement only 15 km away from Kudowa and a\u00a0nearby Czech settlement\u00a0Destne, both invite skiers and snowboard enthusiasts in the winter season.\u00a0Due to\u00a0its exclusive microclimate, which is similar to\u00a0alpine, snow lies even in April. Table mountains also attract\u00a0cross-country skiers.<\/p>\n<p>One can spend time playing\u00a0golf\u00a0in Szczytna \u2013 about 20 km from Kudowa (<a href=\"http:\/\/www.golfspa.pl\/\">www.golfspa.pl<\/a>) or whitewater rafting\u00a0and\u00a0kayaking\u00a0(<a href=\"http:\/\/www.ski-raft.pl\/\">www.ski-raft.pl<\/a>).<\/p>\n<p>This brief description shows there\u2019s no time to\u00a0be bored in Kudowa. Please check out the \u201c<a href=\"http:\/\/szwajcarkakudowa.pl\/en\/okolica\/\">Environment<\/a>\u201d section to\u00a0see what is there to\u00a0see in the area.<\/p>\n","protected":false},"excerpt":{"rendered":"<p>Variety and diverse character of pastimes in \u201cSzwajcarka\u201d satisfies the most wide-ranging needs. Kudowa \u2013 a\u00a0resort of great tradition and renown \u2013 offers a\u00a0full base of spa and beauty treatments.\u00a0Abeautifully arranged park\u00a0with a\u00a0pump room invites strollers.\u00a0A lovely destination for walks may also be the\u00a0Skull Chapel in Kudowa \u2013 Czermna, the\u00a0Frog Museum\u00a0or the\u00a0Museum of Toys.\u00a0Other places [&hellip;]<\/p>\n","protected":false},"author":4,"featured_media":0,"parent":1019,"menu_order":4,"comment_status":"closed","ping_status":"closed","template":"","meta":{"ngg_post_thumbnail":0,"footnotes":"","_links_to":"","_links_to_target":""},"class_list":["post-1036","page","type-page","status-publish","hentry"],"yoast_head":"<!-- This site is optimized with the Yoast SEO plugin v26.9 - https:\/\/yoast.com\/product\/yoast-seo-wordpress\/ -->\n<title>Attractions - Szwajcarka w Kudowie<\/title>\n<meta name=\"robots\" content=\"index, follow, max-snippet:-1, max-image-preview:large, max-video-preview:-1\" \/>\n<meta property=\"og:locale\" content=\"en_US\" \/>\n<meta property=\"og:type\" content=\"article\" \/>\n<meta property=\"og:title\" content=\"Attractions - Szwajcarka w Kudowie\" \/>\n<meta property=\"og:description\" content=\"Variety and diverse character of pastimes in \u201cSzwajcarka\u201d satisfies the most wide-ranging needs. Kudowa \u2013 a\u00a0resort of great tradition and renown \u2013 offers a\u00a0full base of spa and beauty treatments.\u00a0Abeautifully arranged park\u00a0with a\u00a0pump room invites strollers.\u00a0A lovely destination for walks may also be the\u00a0Skull Chapel in Kudowa \u2013 Czermna, the\u00a0Frog Museum\u00a0or the\u00a0Museum of Toys.\u00a0Other places [&hellip;]\" \/>\n<meta property=\"og:url\" content=\"http:\/\/szwajcarkakudowa.pl\/en\/offer\/attractions\/\" \/>\n<meta property=\"og:site_name\" content=\"Szwajcarka w Kudowie\" \/>\n<meta name=\"twitter:label1\" content=\"Est. reading time\" \/>\n\t<meta name=\"twitter:data1\" content=\"2 minutes\" \/>\n<script type=\"application\/ld+json\" class=\"yoast-schema-graph\">{\"@context\":\"https:\/\/schema.org\",\"@graph\":[{\"@type\":\"WebPage\",\"@id\":\"http:\/\/szwajcarkakudowa.pl\/en\/offer\/attractions\/\",\"url\":\"http:\/\/szwajcarkakudowa.pl\/en\/offer\/attractions\/\",\"name\":\"Attractions - Szwajcarka w Kudowie\",\"isPartOf\":{\"@id\":\"http:\/\/szwajcarkakudowa.pl\/en\/#website\"},\"datePublished\":\"2014-10-21T11:32:59+00:00\",\"breadcrumb\":{\"@id\":\"http:\/\/szwajcarkakudowa.pl\/en\/offer\/attractions\/#breadcrumb\"},\"inLanguage\":\"en-US\",\"potentialAction\":[{\"@type\":\"ReadAction\",\"target\":[\"http:\/\/szwajcarkakudowa.pl\/en\/offer\/attractions\/\"]}]},{\"@type\":\"BreadcrumbList\",\"@id\":\"http:\/\/szwajcarkakudowa.pl\/en\/offer\/attractions\/#breadcrumb\",\"itemListElement\":[{\"@type\":\"ListItem\",\"position\":1,\"name\":\"Offer\",\"item\":\"http:\/\/szwajcarkakudowa.pl\/en\/offer\/\"},{\"@type\":\"ListItem\",\"position\":2,\"name\":\"Attractions\"}]},{\"@type\":\"WebSite\",\"@id\":\"http:\/\/szwajcarkakudowa.pl\/en\/#website\",\"url\":\"http:\/\/szwajcarkakudowa.pl\/en\/\",\"name\":\"Szwajcarka w Kudowie\",\"description\":\"Dom wypoczynkowy\",\"potentialAction\":[{\"@type\":\"SearchAction\",\"target\":{\"@type\":\"EntryPoint\",\"urlTemplate\":\"http:\/\/szwajcarkakudowa.pl\/en\/?s={search_term_string}\"},\"query-input\":{\"@type\":\"PropertyValueSpecification\",\"valueRequired\":true,\"valueName\":\"search_term_string\"}}],\"inLanguage\":\"en-US\"}]}<\/script>\n<!-- \/ Yoast SEO plugin. -->","yoast_head_json":{"title":"Attractions - Szwajcarka w Kudowie","robots":{"index":"index","follow":"follow","max-snippet":"max-snippet:-1","max-image-preview":"max-image-preview:large","max-video-preview":"max-video-preview:-1"},"og_locale":"en_US","og_type":"article","og_title":"Attractions - Szwajcarka w Kudowie","og_description":"Variety and diverse character of pastimes in \u201cSzwajcarka\u201d satisfies the most wide-ranging needs. Kudowa \u2013 a\u00a0resort of great tradition and renown \u2013 offers a\u00a0full base of spa and beauty treatments.\u00a0Abeautifully arranged park\u00a0with a\u00a0pump room invites strollers.\u00a0A lovely destination for walks may also be the\u00a0Skull Chapel in Kudowa \u2013 Czermna, the\u00a0Frog Museum\u00a0or the\u00a0Museum of Toys.\u00a0Other places [&hellip;]","og_url":"http:\/\/szwajcarkakudowa.pl\/en\/offer\/attractions\/","og_site_name":"Szwajcarka w Kudowie","twitter_misc":{"Est. reading time":"2 minutes"},"schema":{"@context":"https:\/\/schema.org","@graph":[{"@type":"WebPage","@id":"http:\/\/szwajcarkakudowa.pl\/en\/offer\/attractions\/","url":"http:\/\/szwajcarkakudowa.pl\/en\/offer\/attractions\/","name":"Attractions - Szwajcarka w Kudowie","isPartOf":{"@id":"http:\/\/szwajcarkakudowa.pl\/en\/#website"},"datePublished":"2014-10-21T11:32:59+00:00","breadcrumb":{"@id":"http:\/\/szwajcarkakudowa.pl\/en\/offer\/attractions\/#breadcrumb"},"inLanguage":"en-US","potentialAction":[{"@type":"ReadAction","target":["http:\/\/szwajcarkakudowa.pl\/en\/offer\/attractions\/"]}]},{"@type":"BreadcrumbList","@id":"http:\/\/szwajcarkakudowa.pl\/en\/offer\/attractions\/#breadcrumb","itemListElement":[{"@type":"ListItem","position":1,"name":"Offer","item":"http:\/\/szwajcarkakudowa.pl\/en\/offer\/"},{"@type":"ListItem","position":2,"name":"Attractions"}]},{"@type":"WebSite","@id":"http:\/\/szwajcarkakudowa.pl\/en\/#website","url":"http:\/\/szwajcarkakudowa.pl\/en\/","name":"Szwajcarka w Kudowie","description":"Dom wypoczynkowy","potentialAction":[{"@type":"SearchAction","target":{"@type":"EntryPoint","urlTemplate":"http:\/\/szwajcarkakudowa.pl\/en\/?s={search_term_string}"},"query-input":{"@type":"PropertyValueSpecification","valueRequired":true,"valueName":"search_term_string"}}],"inLanguage":"en-US"}]}},"_links":{"self":[{"href":"http:\/\/szwajcarkakudowa.pl\/en\/wp-json\/wp\/v2\/pages\/1036","targetHints":{"allow":["GET"]}}],"collection":[{"href":"http:\/\/szwajcarkakudowa.pl\/en\/wp-json\/wp\/v2\/pages"}],"about":[{"href":"http:\/\/szwajcarkakudowa.pl\/en\/wp-json\/wp\/v2\/types\/page"}],"author":[{"embeddable":true,"href":"http:\/\/szwajcarkakudowa.pl\/en\/wp-json\/wp\/v2\/users\/4"}],"replies":[{"embeddable":true,"href":"http:\/\/szwajcarkakudowa.pl\/en\/wp-json\/wp\/v2\/comments?post=1036"}],"version-history":[{"count":1,"href":"http:\/\/szwajcarkakudowa.pl\/en\/wp-json\/wp\/v2\/pages\/1036\/revisions"}],"predecessor-version":[{"id":1037,"href":"http:\/\/szwajcarkakudowa.pl\/en\/wp-json\/wp\/v2\/pages\/1036\/revisions\/1037"}],"up":[{"embeddable":true,"href":"http:\/\/szwajcarkakudowa.pl\/en\/wp-json\/wp\/v2\/pages\/1019"}],"wp:attachment":[{"href":"http:\/\/szwajcarkakudowa.pl\/en\/wp-json\/wp\/v2\/media?parent=1036"}],"curies":[{"name":"wp","href":"https:\/\/api.w.org\/{rel}","templated":true}]}}