{"id":993,"date":"2014-10-21T11:15:44","date_gmt":"2014-10-21T11:15:44","guid":{"rendered":"http:\/\/szwajcarkakudowa.pl\/?page_id=993"},"modified":"2025-04-17T11:22:12","modified_gmt":"2025-04-17T11:22:12","slug":"herzlich-willkommen-auf-der-internetseite-unseres-ferienhauses-szwajcarka-schweizerei-in-kudowa-zdroj","status":"publish","type":"page","link":"http:\/\/szwajcarkakudowa.pl\/de\/","title":{"rendered":"Herzlich willkommen auf der Internetseite unseres Ferienhauses \u201eSzwajcarka\u201c (Schweizerei) in Kudowa-Zdr\u00f3j"},"content":{"rendered":"<p>Auf der Suche nach einem Lebensraum, in dem sowohl wir als auch unsere G\u00e4ste sich wirklich gut erholen k\u00f6nnen und Zeit f\u00fcr einander und f\u00fcr sich selbst haben, sind wir nicht zuf\u00e4llig auf diesen Ort gesto\u00dfen. Eine au\u00dfergew\u00f6hnliche Szenerie vereint die Reize eines wohl bekannten Kurorts mit der Sch\u00f6nheit des Heuscheuergebirges (Gory Stolowe) und des Glatzen Kessels (Kotlina Klodzka) sowie mit der spannenden Geschichte dieses Gebietes und der Ruhe eines vom Wald umgebenen und \u00fcber ein Jahrhundert alten Hauses. Wir haben uns viel M\u00fche gegeben, die Besonderheit von \u201eSzwajcarka\u201c zu betonen und \u201eSzwajcarka\u201c zu einem unvergesslichen Ort zu machen, welcher Tradition und Gegenwart verbindet.<\/p>\n<p>Wie ist es in \u201eSzwajcarka\u201c?<\/p>\n<p>Es ist gem\u00fctlich, denn wir haben nur zehn individuell ausgestattete Zimmer f\u00fcr 2 bis 4 Personen.<br \/>\nEs ist ungew\u00f6hnlich, denn es liegt zentral und doch idyllisch. Zum Kurpark ist es nur eine Viertelstunde, bis zur Hauptstra\u00dfe gerademal 400 Meter. Und doch rauscht rundherum ein alter Wald, trillern V\u00f6gel und schauen Hasen, Eichh\u00f6rnchen, Igel und Rehe vorbei. Es ist komfortabel, denn wir haben 2011 und 2012 das ganze Geb\u00e4ude samt aller Zimmer renoviert.<br \/>\nEs ist schmackhaft, denn wir m\u00f6gen gute Hausmannskost und solche bieten wir unseren G\u00e4sten auch an.<br \/>\nEs ist stimmungsvoll, denn es ist ein Haus mit Seele.<br \/>\nEs laden ein: ein Aussichtsturm, ein Kaminzimmer, eine Veranda und ein weitl\u00e4ufiges Grundst\u00fcck ums Haus mit einer Altane im Garten.<br \/>\nEs ist freundlich, wohlwollend und fr\u00f6hlich, denn \u201eSzwajcarka\u201c erf\u00fcllt unseren Traum: es ist ein anspruchsvolles aber reizendes Fleckchen Erde, ein Ort mit Flair und Charme.<br \/>\n\u201eSzwajcarka\u201c ist keine \u201ePension\u201c und unsere G\u00e4ste sind keine \u201eTouristen\u201c. Es ist unser Zuhause, in dem jeder willkommen ist. Wir hoffen, dass auch Sie unsere G\u00e4ste werden wollen.<\/p>\n","protected":false},"excerpt":{"rendered":"<p>Auf der Suche nach einem Lebensraum, in dem sowohl wir als auch unsere G\u00e4ste sich wirklich gut erholen k\u00f6nnen und Zeit f\u00fcr einander und f\u00fcr sich selbst haben, sind wir nicht zuf\u00e4llig auf diesen Ort gesto\u00dfen. Eine au\u00dfergew\u00f6hnliche Szenerie vereint die Reize eines wohl bekannten Kurorts mit der Sch\u00f6nheit des Heuscheuergebirges (Gory Stolowe) und des [&hellip;]<\/p>\n","protected":false},"author":4,"featured_media":0,"parent":0,"menu_order":1,"comment_status":"closed","ping_status":"closed","template":"","meta":{"ngg_post_thumbnail":0,"footnotes":"","_links_to":"","_links_to_target":""},"class_list":["post-993","page","type-page","status-publish","hentry"],"yoast_head":"<!-- This site is optimized with the Yoast SEO plugin v26.9 - https:\/\/yoast.com\/product\/yoast-seo-wordpress\/ -->\n<title>Herzlich willkommen auf der Internetseite unseres Ferienhauses \u201eSzwajcarka\u201c (Schweizerei) in Kudowa-Zdr\u00f3j - Szwajcarka w Kudowie<\/title>\n<meta name=\"robots\" content=\"index, follow, max-snippet:-1, max-image-preview:large, max-video-preview:-1\" \/>\n<meta property=\"og:locale\" content=\"de_DE\" \/>\n<meta property=\"og:type\" content=\"article\" \/>\n<meta property=\"og:title\" content=\"Herzlich willkommen auf der Internetseite unseres Ferienhauses \u201eSzwajcarka\u201c (Schweizerei) in Kudowa-Zdr\u00f3j - Szwajcarka w Kudowie\" \/>\n<meta property=\"og:description\" content=\"Auf der Suche nach einem Lebensraum, in dem sowohl wir als auch unsere G\u00e4ste sich wirklich gut erholen k\u00f6nnen und Zeit f\u00fcr einander und f\u00fcr sich selbst haben, sind wir nicht zuf\u00e4llig auf diesen Ort gesto\u00dfen. Eine au\u00dfergew\u00f6hnliche Szenerie vereint die Reize eines wohl bekannten Kurorts mit der Sch\u00f6nheit des Heuscheuergebirges (Gory Stolowe) und des [&hellip;]\" \/>\n<meta property=\"og:url\" content=\"http:\/\/szwajcarkakudowa.pl\/de\/\" \/>\n<meta property=\"og:site_name\" content=\"Szwajcarka w Kudowie\" \/>\n<meta property=\"article:modified_time\" content=\"2025-04-17T11:22:12+00:00\" \/>\n<meta name=\"twitter:label1\" content=\"Gesch\u00e4tzte Lesezeit\" \/>\n\t<meta name=\"twitter:data1\" content=\"2 minutes\" \/>\n<script type=\"application\/ld+json\" class=\"yoast-schema-graph\">{\"@context\":\"https:\/\/schema.org\",\"@graph\":[{\"@type\":\"WebPage\",\"@id\":\"http:\/\/szwajcarkakudowa.pl\/de\/\",\"url\":\"http:\/\/szwajcarkakudowa.pl\/de\/\",\"name\":\"Herzlich willkommen auf der Internetseite unseres Ferienhauses \u201eSzwajcarka\u201c (Schweizerei) in Kudowa-Zdr\u00f3j - Szwajcarka w Kudowie\",\"isPartOf\":{\"@id\":\"http:\/\/szwajcarkakudowa.pl\/de\/#website\"},\"datePublished\":\"2014-10-21T11:15:44+00:00\",\"dateModified\":\"2025-04-17T11:22:12+00:00\",\"inLanguage\":\"de-DE\",\"potentialAction\":[{\"@type\":\"ReadAction\",\"target\":[\"http:\/\/szwajcarkakudowa.pl\/de\/\"]}]},{\"@type\":\"WebSite\",\"@id\":\"http:\/\/szwajcarkakudowa.pl\/de\/#website\",\"url\":\"http:\/\/szwajcarkakudowa.pl\/de\/\",\"name\":\"Szwajcarka w Kudowie\",\"description\":\"Dom wypoczynkowy\",\"potentialAction\":[{\"@type\":\"SearchAction\",\"target\":{\"@type\":\"EntryPoint\",\"urlTemplate\":\"http:\/\/szwajcarkakudowa.pl\/de\/?s={search_term_string}\"},\"query-input\":{\"@type\":\"PropertyValueSpecification\",\"valueRequired\":true,\"valueName\":\"search_term_string\"}}],\"inLanguage\":\"de-DE\"}]}<\/script>\n<!-- \/ Yoast SEO plugin. -->","yoast_head_json":{"title":"Herzlich willkommen auf der Internetseite unseres Ferienhauses \u201eSzwajcarka\u201c (Schweizerei) in Kudowa-Zdr\u00f3j - Szwajcarka w Kudowie","robots":{"index":"index","follow":"follow","max-snippet":"max-snippet:-1","max-image-preview":"max-image-preview:large","max-video-preview":"max-video-preview:-1"},"og_locale":"de_DE","og_type":"article","og_title":"Herzlich willkommen auf der Internetseite unseres Ferienhauses \u201eSzwajcarka\u201c (Schweizerei) in Kudowa-Zdr\u00f3j - Szwajcarka w Kudowie","og_description":"Auf der Suche nach einem Lebensraum, in dem sowohl wir als auch unsere G\u00e4ste sich wirklich gut erholen k\u00f6nnen und Zeit f\u00fcr einander und f\u00fcr sich selbst haben, sind wir nicht zuf\u00e4llig auf diesen Ort gesto\u00dfen. Eine au\u00dfergew\u00f6hnliche Szenerie vereint die Reize eines wohl bekannten Kurorts mit der Sch\u00f6nheit des Heuscheuergebirges (Gory Stolowe) und des [&hellip;]","og_url":"http:\/\/szwajcarkakudowa.pl\/de\/","og_site_name":"Szwajcarka w Kudowie","article_modified_time":"2025-04-17T11:22:12+00:00","twitter_misc":{"Gesch\u00e4tzte Lesezeit":"2 minutes"},"schema":{"@context":"https:\/\/schema.org","@graph":[{"@type":"WebPage","@id":"http:\/\/szwajcarkakudowa.pl\/de\/","url":"http:\/\/szwajcarkakudowa.pl\/de\/","name":"Herzlich willkommen auf der Internetseite unseres Ferienhauses \u201eSzwajcarka\u201c (Schweizerei) in Kudowa-Zdr\u00f3j - Szwajcarka w Kudowie","isPartOf":{"@id":"http:\/\/szwajcarkakudowa.pl\/de\/#website"},"datePublished":"2014-10-21T11:15:44+00:00","dateModified":"2025-04-17T11:22:12+00:00","inLanguage":"de-DE","potentialAction":[{"@type":"ReadAction","target":["http:\/\/szwajcarkakudowa.pl\/de\/"]}]},{"@type":"WebSite","@id":"http:\/\/szwajcarkakudowa.pl\/de\/#website","url":"http:\/\/szwajcarkakudowa.pl\/de\/","name":"Szwajcarka w Kudowie","description":"Dom wypoczynkowy","potentialAction":[{"@type":"SearchAction","target":{"@type":"EntryPoint","urlTemplate":"http:\/\/szwajcarkakudowa.pl\/de\/?s={search_term_string}"},"query-input":{"@type":"PropertyValueSpecification","valueRequired":true,"valueName":"search_term_string"}}],"inLanguage":"de-DE"}]}},"_links":{"self":[{"href":"http:\/\/szwajcarkakudowa.pl\/de\/wp-json\/wp\/v2\/pages\/993","targetHints":{"allow":["GET"]}}],"collection":[{"href":"http:\/\/szwajcarkakudowa.pl\/de\/wp-json\/wp\/v2\/pages"}],"about":[{"href":"http:\/\/szwajcarkakudowa.pl\/de\/wp-json\/wp\/v2\/types\/page"}],"author":[{"embeddable":true,"href":"http:\/\/szwajcarkakudowa.pl\/de\/wp-json\/wp\/v2\/users\/4"}],"replies":[{"embeddable":true,"href":"http:\/\/szwajcarkakudowa.pl\/de\/wp-json\/wp\/v2\/comments?post=993"}],"version-history":[{"count":2,"href":"http:\/\/szwajcarkakudowa.pl\/de\/wp-json\/wp\/v2\/pages\/993\/revisions"}],"predecessor-version":[{"id":1853,"href":"http:\/\/szwajcarkakudowa.pl\/de\/wp-json\/wp\/v2\/pages\/993\/revisions\/1853"}],"wp:attachment":[{"href":"http:\/\/szwajcarkakudowa.pl\/de\/wp-json\/wp\/v2\/media?parent=993"}],"curies":[{"name":"wp","href":"https:\/\/api.w.org\/{rel}","templated":true}]}}