{"id":1043,"date":"2014-10-21T11:34:32","date_gmt":"2014-10-21T11:34:32","guid":{"rendered":"http:\/\/szwajcarkakudowa.pl\/?page_id=1043"},"modified":"2014-10-21T11:34:32","modified_gmt":"2014-10-21T11:34:32","slug":"umgebung","status":"publish","type":"page","link":"http:\/\/szwajcarkakudowa.pl\/de\/umgebung\/","title":{"rendered":"Umgebung"},"content":{"rendered":"<p>Die Landschaftsvorz\u00fcge von Kudowa und Umgebung ermuntern zum Spazierengehen, Wandern und Radfahren (Einzelheiten siehe ->\u00a0<a href=\"http:\/\/www.szwajcarkakudowa.pl\/de\/oferta\/atrakcje\/\">Sehensw\u00fcrdigkeiten<\/a>). Auf Besucher warten viele sehenswerte und einzigartige Orte.<\/p>\n<p>Einige von ihnen sind in ganz Polen bekannt wie zB. die B\u00e4renh\u00f6hle in Kletno (<a href=\"http:\/\/www.jaskinia.pl\/\">www.jaskinia.pl<\/a>) mit einem wundersch\u00f6nen unterirdischen H\u00f6hlenlabirynth. In Kletno gibt es zudem \u2013 was nur wenige wissen \u2013 in dem alten Uranbergwerk einen unterirdischen Lernpfad (<a href=\"http:\/\/www.kletno.pl\/\">www.kletno.pl<\/a>) . Auf begeisterte Besucher unterirdischer Sehensw\u00fcrdigkeiten wartet zudem ein stillgelegtes Goldbergwerk in Z\u0142oty Stok (<a href=\"http:\/\/www.kopalniazlota.pl\/\">www.kopalniazlota.pl<\/a>) . In K\u0142odzko finden Sie ein beeindruckendes Bauwerk: die Festung K\u0142odzko. Ein Teil der Festung wurde teilweise f\u00fcr Besucher erschlossen und bringt einen kleinen Einblick in die Geheimnisse und die Geschichte der au\u00dfergew\u00f6hnlichen Milit\u00e4rkonstruktionen (<a href=\"http:\/\/www.twierdza.klodzko.pl\/\">www.twierdza.klodzko.pl<\/a>).<\/p>\n<p>Es ist wert, das Schlo\u00df in Ksi\u0105\u017c zu besuchen, den Wasserfall Wilczki in Mi\u0119dzyg\u00f3ra zu sehen und sich von der monumentalen Fassade und dem Barockambiente der Wallfahrtskirche in Wambierzyce bezaubern zu lassen (<a href=\"http:\/\/www.wambierzyce.pl\/\">www.wambierzyce.pl<\/a>) . Im nahe Kudowa gelegenen Kurort Duszniki befindet sich das Papiermuseum mit einer im XVII. Jh. erbauten und noch funktionierenden Papierm\u00fchle (<a href=\"http:\/\/www.muzpap.pl\/\">www.muzpap.pl<\/a>) . Es lohnt sich besonders, Duszniki w\u00e4hrend des j\u00e4hrlich stattfindenden Chopin Festivals aufzusuchen. Seit 50 Jahren zieht Kudowa jedes Jahr im August Liebhaber klassischer Musik zum veranstalltetem Moniuszko Festival an (<a href=\"http:\/\/www.moniuszko.kudowa.zdroj.pl\/\">www.moniuszko.kudowa.zdroj.pl<\/a>).<\/p>\n<p>Kudowa eignet sich wunderbar als Ausgangspunkt f\u00fcr einen Tagesausflug nach Prag (ca.150Km), der in eigener Regie oder mit einem der Reiseb\u00fcros geplannt werden kann.<\/p>\n<p>Kurz: Kudowa und Umgebung laden ein und verzaubern mit ihren Sehensw\u00fcrdigkeiten!<\/p>\n","protected":false},"excerpt":{"rendered":"<p>Die Landschaftsvorz\u00fcge von Kudowa und Umgebung ermuntern zum Spazierengehen, Wandern und Radfahren (Einzelheiten siehe ->\u00a0Sehensw\u00fcrdigkeiten). Auf Besucher warten viele sehenswerte und einzigartige Orte. Einige von ihnen sind in ganz Polen bekannt wie zB. die B\u00e4renh\u00f6hle in Kletno (www.jaskinia.pl) mit einem wundersch\u00f6nen unterirdischen H\u00f6hlenlabirynth. In Kletno gibt es zudem \u2013 was nur wenige wissen \u2013 in [&hellip;]<\/p>\n","protected":false},"author":4,"featured_media":0,"parent":0,"menu_order":4,"comment_status":"closed","ping_status":"closed","template":"","meta":{"ngg_post_thumbnail":0,"footnotes":"","_links_to":"","_links_to_target":""},"class_list":["post-1043","page","type-page","status-publish","hentry"],"yoast_head":"<!-- This site is optimized with the Yoast SEO plugin v26.9 - https:\/\/yoast.com\/product\/yoast-seo-wordpress\/ -->\n<title>Umgebung - Szwajcarka w Kudowie<\/title>\n<meta name=\"robots\" content=\"index, follow, max-snippet:-1, max-image-preview:large, max-video-preview:-1\" \/>\n<meta property=\"og:locale\" content=\"de_DE\" \/>\n<meta property=\"og:type\" content=\"article\" \/>\n<meta property=\"og:title\" content=\"Umgebung - Szwajcarka w Kudowie\" \/>\n<meta property=\"og:description\" content=\"Die Landschaftsvorz\u00fcge von Kudowa und Umgebung ermuntern zum Spazierengehen, Wandern und Radfahren (Einzelheiten siehe -&gt;\u00a0Sehensw\u00fcrdigkeiten). Auf Besucher warten viele sehenswerte und einzigartige Orte. Einige von ihnen sind in ganz Polen bekannt wie zB. die B\u00e4renh\u00f6hle in Kletno (www.jaskinia.pl) mit einem wundersch\u00f6nen unterirdischen H\u00f6hlenlabirynth. In Kletno gibt es zudem \u2013 was nur wenige wissen \u2013 in [&hellip;]\" \/>\n<meta property=\"og:url\" content=\"http:\/\/szwajcarkakudowa.pl\/de\/umgebung\/\" \/>\n<meta property=\"og:site_name\" content=\"Szwajcarka w Kudowie\" \/>\n<meta name=\"twitter:label1\" content=\"Gesch\u00e4tzte Lesezeit\" \/>\n\t<meta name=\"twitter:data1\" content=\"1 minute\" \/>\n<script type=\"application\/ld+json\" class=\"yoast-schema-graph\">{\"@context\":\"https:\/\/schema.org\",\"@graph\":[{\"@type\":\"WebPage\",\"@id\":\"http:\/\/szwajcarkakudowa.pl\/de\/umgebung\/\",\"url\":\"http:\/\/szwajcarkakudowa.pl\/de\/umgebung\/\",\"name\":\"Umgebung - Szwajcarka w Kudowie\",\"isPartOf\":{\"@id\":\"http:\/\/szwajcarkakudowa.pl\/de\/#website\"},\"datePublished\":\"2014-10-21T11:34:32+00:00\",\"inLanguage\":\"de-DE\",\"potentialAction\":[{\"@type\":\"ReadAction\",\"target\":[\"http:\/\/szwajcarkakudowa.pl\/de\/umgebung\/\"]}]},{\"@type\":\"WebSite\",\"@id\":\"http:\/\/szwajcarkakudowa.pl\/de\/#website\",\"url\":\"http:\/\/szwajcarkakudowa.pl\/de\/\",\"name\":\"Szwajcarka w Kudowie\",\"description\":\"Dom wypoczynkowy\",\"potentialAction\":[{\"@type\":\"SearchAction\",\"target\":{\"@type\":\"EntryPoint\",\"urlTemplate\":\"http:\/\/szwajcarkakudowa.pl\/de\/?s={search_term_string}\"},\"query-input\":{\"@type\":\"PropertyValueSpecification\",\"valueRequired\":true,\"valueName\":\"search_term_string\"}}],\"inLanguage\":\"de-DE\"}]}<\/script>\n<!-- \/ Yoast SEO plugin. -->","yoast_head_json":{"title":"Umgebung - Szwajcarka w Kudowie","robots":{"index":"index","follow":"follow","max-snippet":"max-snippet:-1","max-image-preview":"max-image-preview:large","max-video-preview":"max-video-preview:-1"},"og_locale":"de_DE","og_type":"article","og_title":"Umgebung - Szwajcarka w Kudowie","og_description":"Die Landschaftsvorz\u00fcge von Kudowa und Umgebung ermuntern zum Spazierengehen, Wandern und Radfahren (Einzelheiten siehe ->\u00a0Sehensw\u00fcrdigkeiten). Auf Besucher warten viele sehenswerte und einzigartige Orte. Einige von ihnen sind in ganz Polen bekannt wie zB. die B\u00e4renh\u00f6hle in Kletno (www.jaskinia.pl) mit einem wundersch\u00f6nen unterirdischen H\u00f6hlenlabirynth. In Kletno gibt es zudem \u2013 was nur wenige wissen \u2013 in [&hellip;]","og_url":"http:\/\/szwajcarkakudowa.pl\/de\/umgebung\/","og_site_name":"Szwajcarka w Kudowie","twitter_misc":{"Gesch\u00e4tzte Lesezeit":"1 minute"},"schema":{"@context":"https:\/\/schema.org","@graph":[{"@type":"WebPage","@id":"http:\/\/szwajcarkakudowa.pl\/de\/umgebung\/","url":"http:\/\/szwajcarkakudowa.pl\/de\/umgebung\/","name":"Umgebung - Szwajcarka w Kudowie","isPartOf":{"@id":"http:\/\/szwajcarkakudowa.pl\/de\/#website"},"datePublished":"2014-10-21T11:34:32+00:00","inLanguage":"de-DE","potentialAction":[{"@type":"ReadAction","target":["http:\/\/szwajcarkakudowa.pl\/de\/umgebung\/"]}]},{"@type":"WebSite","@id":"http:\/\/szwajcarkakudowa.pl\/de\/#website","url":"http:\/\/szwajcarkakudowa.pl\/de\/","name":"Szwajcarka w Kudowie","description":"Dom wypoczynkowy","potentialAction":[{"@type":"SearchAction","target":{"@type":"EntryPoint","urlTemplate":"http:\/\/szwajcarkakudowa.pl\/de\/?s={search_term_string}"},"query-input":{"@type":"PropertyValueSpecification","valueRequired":true,"valueName":"search_term_string"}}],"inLanguage":"de-DE"}]}},"_links":{"self":[{"href":"http:\/\/szwajcarkakudowa.pl\/de\/wp-json\/wp\/v2\/pages\/1043","targetHints":{"allow":["GET"]}}],"collection":[{"href":"http:\/\/szwajcarkakudowa.pl\/de\/wp-json\/wp\/v2\/pages"}],"about":[{"href":"http:\/\/szwajcarkakudowa.pl\/de\/wp-json\/wp\/v2\/types\/page"}],"author":[{"embeddable":true,"href":"http:\/\/szwajcarkakudowa.pl\/de\/wp-json\/wp\/v2\/users\/4"}],"replies":[{"embeddable":true,"href":"http:\/\/szwajcarkakudowa.pl\/de\/wp-json\/wp\/v2\/comments?post=1043"}],"version-history":[{"count":1,"href":"http:\/\/szwajcarkakudowa.pl\/de\/wp-json\/wp\/v2\/pages\/1043\/revisions"}],"predecessor-version":[{"id":1044,"href":"http:\/\/szwajcarkakudowa.pl\/de\/wp-json\/wp\/v2\/pages\/1043\/revisions\/1044"}],"wp:attachment":[{"href":"http:\/\/szwajcarkakudowa.pl\/de\/wp-json\/wp\/v2\/media?parent=1043"}],"curies":[{"name":"wp","href":"https:\/\/api.w.org\/{rel}","templated":true}]}}