{"id":1038,"date":"2014-10-21T11:33:18","date_gmt":"2014-10-21T11:33:18","guid":{"rendered":"http:\/\/szwajcarkakudowa.pl\/?page_id=1038"},"modified":"2014-10-21T11:33:18","modified_gmt":"2014-10-21T11:33:18","slug":"attractions","status":"publish","type":"page","link":"http:\/\/szwajcarkakudowa.pl\/de\/unser-angebot\/attractions\/","title":{"rendered":"Attractions"},"content":{"rendered":"<p>Die Vielzahl der Angebote an Freizeitaktivit\u00e4ten w\u00e4hrend des Aufenthaltes in \u201eSzwajcarka\u201c wird die unterschiedlichsten Bed\u00fcrfnisse befriedigen.<\/p>\n<p>Kudowa \u2013 ein Kurort mit langer Tradition und verdienter Ber\u00fchmtheit \u2013 bietet vielf\u00e4ltige Erholungs- und Versch\u00f6nerungskuren an. Ein sch\u00f6n angelegter Kurpark mit der Trinkhalle l\u00e4dt zum Verweilen ein. Als Ziel f\u00fcr Spazierg\u00e4nge k\u00f6nnen auch die Sch\u00e4delkapelle in Kudowa-Czermna, das Froschmuseum oder Spielzeugmuseum dienen. Sehenswert sind auch das Freilichtmuseum in Kudowa-Pstr\u0105\u017cna (<a href=\"http:\/\/www.skansen.kudowa.pl\/\">www.skansen.kudowa.pl<\/a>) und das Museum f\u00fcr alte Handwerksberufe.<\/p>\n<p>Sehr beliebt bei den Touristen ist der Aqua Park (<a href=\"http:\/\/www.basen.eurograf.pl\/\">www.basen.eurograf.pl<\/a>). Kletter-Interessierte wird der Kletterpark in Kudowa bestimmt nicht entt\u00e4uschen (<a href=\"http:\/\/www.mountain.com.pl\/\">www.mountain.com.pl<\/a>). Feinschmecker haben die M\u00f6glichkeit in einer Fischzucht Forellen selbst zu angeln und direkt in der angeschlossenen Braterei zubereiten zu lassen. Reitsportliebhaber k\u00f6nnen Reitstunden unterschiedlicher Niveaustufen in Anspruch nehmen und auch an Ausritten teilnehmen (<a href=\"http:\/\/www.rancho-montana.pl\/\">www.rancho-montana.pl<\/a>).<\/p>\n<p>Die gr\u00f6\u00dfte Sehensw\u00fcrdigkeit der Region sind gewi\u00df die ausergew\u00f6hnlichen Felsenformen, welche sich auf dem Gebiet des Nationalparks Tafelberge befinden (<a href=\"http:\/\/www.pngs.com.pl\/\">www.pngs.com.pl<\/a>). Gut beschilderte Wanderrouten haben eine L\u00e4nge von insgesamt 100km. Erholung in Kudowa ohne den Heuscheuer (Szczeliniec) zu besteigen und ohne die Wilden L\u00f6cher (B\u0142\u0119dne Ska\u0142y) zu sehen \u2013 w\u00e4re nicht vollst\u00e4ndig. Bergwanderungen k\u00f6nnen in eigener Regie verlaufen oder Sie k\u00f6nnen Hilfe der sudetischen Bergf\u00fchrer in Anspruch nehmen (<a href=\"http:\/\/www.przewodnicy.kudowa.pl\/\">www.przewodnicy.kudowa.pl<\/a>).<\/p>\n<p>Das Tafelgebirge bietet Kletterm\u00f6glichkeiten und Radwanderwege an. Gesonderte Informationen dazu finden Sie auf der Internetseite des Nationalparks\u00a0<a href=\"http:\/\/www.pngs.com.pl\/\">www.pngs.com.pl<\/a>\u00a0<\/p>\n<p>Im Winter laden\u00a0Zieleniec \u2013 von Kudowa nur 15 Km entfernt \u2013 und die tschechische Ortschaft Destne zum Skifahren und zum Snowboarden ein. Dank besonderem Mikroklima (\u00e4hnlich den Alpen) h\u00e4lt sich der Schnee hier fast bis April. Im Tafelgebirge gibt es Langlaufm\u00f6glichkeiten.<\/p>\n<p>Im Glatzen Kessel kann man in Szczytno (ca. 20 Km von Kudowa entfernt) beim Golfspielen die Zeit vertreiben (<a href=\"http:\/\/www.golfspa.pl\/\">www.golfspa.pl<\/a>) oder noch an einer Ponton- oder Kajaktour teilnehmen (<a href=\"http:\/\/www.ski-raft.pl\/\">www.ski-raft.pl<\/a>).<\/p>\n<p>Sie sehen \u2013 in Kudowa wird es keine Zeit f\u00fcr Langeweile geben. Was sonst noch in der Umgebung sehenswert ist, k\u00f6nnen Sie hier weiterlesen ->\u00a0<a href=\"http:\/\/www.szwajcarkakudowa.pl\/de\/okolica\/\">Umgebung<\/a>.<\/p>\n","protected":false},"excerpt":{"rendered":"<p>Die Vielzahl der Angebote an Freizeitaktivit\u00e4ten w\u00e4hrend des Aufenthaltes in \u201eSzwajcarka\u201c wird die unterschiedlichsten Bed\u00fcrfnisse befriedigen. Kudowa \u2013 ein Kurort mit langer Tradition und verdienter Ber\u00fchmtheit \u2013 bietet vielf\u00e4ltige Erholungs- und Versch\u00f6nerungskuren an. Ein sch\u00f6n angelegter Kurpark mit der Trinkhalle l\u00e4dt zum Verweilen ein. Als Ziel f\u00fcr Spazierg\u00e4nge k\u00f6nnen auch die Sch\u00e4delkapelle in Kudowa-Czermna, das [&hellip;]<\/p>\n","protected":false},"author":4,"featured_media":0,"parent":1021,"menu_order":4,"comment_status":"closed","ping_status":"closed","template":"","meta":{"ngg_post_thumbnail":0,"footnotes":"","_links_to":"","_links_to_target":""},"class_list":["post-1038","page","type-page","status-publish","hentry"],"yoast_head":"<!-- This site is optimized with the Yoast SEO plugin v26.9 - https:\/\/yoast.com\/product\/yoast-seo-wordpress\/ -->\n<title>Attractions - Szwajcarka w Kudowie<\/title>\n<meta name=\"robots\" content=\"index, follow, max-snippet:-1, max-image-preview:large, max-video-preview:-1\" \/>\n<meta property=\"og:locale\" content=\"de_DE\" \/>\n<meta property=\"og:type\" content=\"article\" \/>\n<meta property=\"og:title\" content=\"Attractions - Szwajcarka w Kudowie\" \/>\n<meta property=\"og:description\" content=\"Die Vielzahl der Angebote an Freizeitaktivit\u00e4ten w\u00e4hrend des Aufenthaltes in \u201eSzwajcarka\u201c wird die unterschiedlichsten Bed\u00fcrfnisse befriedigen. Kudowa \u2013 ein Kurort mit langer Tradition und verdienter Ber\u00fchmtheit \u2013 bietet vielf\u00e4ltige Erholungs- und Versch\u00f6nerungskuren an. Ein sch\u00f6n angelegter Kurpark mit der Trinkhalle l\u00e4dt zum Verweilen ein. Als Ziel f\u00fcr Spazierg\u00e4nge k\u00f6nnen auch die Sch\u00e4delkapelle in Kudowa-Czermna, das [&hellip;]\" \/>\n<meta property=\"og:url\" content=\"http:\/\/szwajcarkakudowa.pl\/de\/unser-angebot\/attractions\/\" \/>\n<meta property=\"og:site_name\" content=\"Szwajcarka w Kudowie\" \/>\n<meta name=\"twitter:label1\" content=\"Gesch\u00e4tzte Lesezeit\" \/>\n\t<meta name=\"twitter:data1\" content=\"2 minutes\" \/>\n<script type=\"application\/ld+json\" class=\"yoast-schema-graph\">{\"@context\":\"https:\/\/schema.org\",\"@graph\":[{\"@type\":\"WebPage\",\"@id\":\"http:\/\/szwajcarkakudowa.pl\/de\/unser-angebot\/attractions\/\",\"url\":\"http:\/\/szwajcarkakudowa.pl\/de\/unser-angebot\/attractions\/\",\"name\":\"Attractions - Szwajcarka w Kudowie\",\"isPartOf\":{\"@id\":\"http:\/\/szwajcarkakudowa.pl\/de\/#website\"},\"datePublished\":\"2014-10-21T11:33:18+00:00\",\"breadcrumb\":{\"@id\":\"http:\/\/szwajcarkakudowa.pl\/de\/unser-angebot\/attractions\/#breadcrumb\"},\"inLanguage\":\"de-DE\",\"potentialAction\":[{\"@type\":\"ReadAction\",\"target\":[\"http:\/\/szwajcarkakudowa.pl\/de\/unser-angebot\/attractions\/\"]}]},{\"@type\":\"BreadcrumbList\",\"@id\":\"http:\/\/szwajcarkakudowa.pl\/de\/unser-angebot\/attractions\/#breadcrumb\",\"itemListElement\":[{\"@type\":\"ListItem\",\"position\":1,\"name\":\"Unser Angebot\",\"item\":\"http:\/\/szwajcarkakudowa.pl\/de\/oferta\/\"},{\"@type\":\"ListItem\",\"position\":2,\"name\":\"Attractions\"}]},{\"@type\":\"WebSite\",\"@id\":\"http:\/\/szwajcarkakudowa.pl\/de\/#website\",\"url\":\"http:\/\/szwajcarkakudowa.pl\/de\/\",\"name\":\"Szwajcarka w Kudowie\",\"description\":\"Dom wypoczynkowy\",\"potentialAction\":[{\"@type\":\"SearchAction\",\"target\":{\"@type\":\"EntryPoint\",\"urlTemplate\":\"http:\/\/szwajcarkakudowa.pl\/de\/?s={search_term_string}\"},\"query-input\":{\"@type\":\"PropertyValueSpecification\",\"valueRequired\":true,\"valueName\":\"search_term_string\"}}],\"inLanguage\":\"de-DE\"}]}<\/script>\n<!-- \/ Yoast SEO plugin. -->","yoast_head_json":{"title":"Attractions - Szwajcarka w Kudowie","robots":{"index":"index","follow":"follow","max-snippet":"max-snippet:-1","max-image-preview":"max-image-preview:large","max-video-preview":"max-video-preview:-1"},"og_locale":"de_DE","og_type":"article","og_title":"Attractions - Szwajcarka w Kudowie","og_description":"Die Vielzahl der Angebote an Freizeitaktivit\u00e4ten w\u00e4hrend des Aufenthaltes in \u201eSzwajcarka\u201c wird die unterschiedlichsten Bed\u00fcrfnisse befriedigen. Kudowa \u2013 ein Kurort mit langer Tradition und verdienter Ber\u00fchmtheit \u2013 bietet vielf\u00e4ltige Erholungs- und Versch\u00f6nerungskuren an. Ein sch\u00f6n angelegter Kurpark mit der Trinkhalle l\u00e4dt zum Verweilen ein. Als Ziel f\u00fcr Spazierg\u00e4nge k\u00f6nnen auch die Sch\u00e4delkapelle in Kudowa-Czermna, das [&hellip;]","og_url":"http:\/\/szwajcarkakudowa.pl\/de\/unser-angebot\/attractions\/","og_site_name":"Szwajcarka w Kudowie","twitter_misc":{"Gesch\u00e4tzte Lesezeit":"2 minutes"},"schema":{"@context":"https:\/\/schema.org","@graph":[{"@type":"WebPage","@id":"http:\/\/szwajcarkakudowa.pl\/de\/unser-angebot\/attractions\/","url":"http:\/\/szwajcarkakudowa.pl\/de\/unser-angebot\/attractions\/","name":"Attractions - Szwajcarka w Kudowie","isPartOf":{"@id":"http:\/\/szwajcarkakudowa.pl\/de\/#website"},"datePublished":"2014-10-21T11:33:18+00:00","breadcrumb":{"@id":"http:\/\/szwajcarkakudowa.pl\/de\/unser-angebot\/attractions\/#breadcrumb"},"inLanguage":"de-DE","potentialAction":[{"@type":"ReadAction","target":["http:\/\/szwajcarkakudowa.pl\/de\/unser-angebot\/attractions\/"]}]},{"@type":"BreadcrumbList","@id":"http:\/\/szwajcarkakudowa.pl\/de\/unser-angebot\/attractions\/#breadcrumb","itemListElement":[{"@type":"ListItem","position":1,"name":"Unser Angebot","item":"http:\/\/szwajcarkakudowa.pl\/de\/oferta\/"},{"@type":"ListItem","position":2,"name":"Attractions"}]},{"@type":"WebSite","@id":"http:\/\/szwajcarkakudowa.pl\/de\/#website","url":"http:\/\/szwajcarkakudowa.pl\/de\/","name":"Szwajcarka w Kudowie","description":"Dom wypoczynkowy","potentialAction":[{"@type":"SearchAction","target":{"@type":"EntryPoint","urlTemplate":"http:\/\/szwajcarkakudowa.pl\/de\/?s={search_term_string}"},"query-input":{"@type":"PropertyValueSpecification","valueRequired":true,"valueName":"search_term_string"}}],"inLanguage":"de-DE"}]}},"_links":{"self":[{"href":"http:\/\/szwajcarkakudowa.pl\/de\/wp-json\/wp\/v2\/pages\/1038","targetHints":{"allow":["GET"]}}],"collection":[{"href":"http:\/\/szwajcarkakudowa.pl\/de\/wp-json\/wp\/v2\/pages"}],"about":[{"href":"http:\/\/szwajcarkakudowa.pl\/de\/wp-json\/wp\/v2\/types\/page"}],"author":[{"embeddable":true,"href":"http:\/\/szwajcarkakudowa.pl\/de\/wp-json\/wp\/v2\/users\/4"}],"replies":[{"embeddable":true,"href":"http:\/\/szwajcarkakudowa.pl\/de\/wp-json\/wp\/v2\/comments?post=1038"}],"version-history":[{"count":1,"href":"http:\/\/szwajcarkakudowa.pl\/de\/wp-json\/wp\/v2\/pages\/1038\/revisions"}],"predecessor-version":[{"id":1039,"href":"http:\/\/szwajcarkakudowa.pl\/de\/wp-json\/wp\/v2\/pages\/1038\/revisions\/1039"}],"up":[{"embeddable":true,"href":"http:\/\/szwajcarkakudowa.pl\/de\/wp-json\/wp\/v2\/pages\/1021"}],"wp:attachment":[{"href":"http:\/\/szwajcarkakudowa.pl\/de\/wp-json\/wp\/v2\/media?parent=1038"}],"curies":[{"name":"wp","href":"https:\/\/api.w.org\/{rel}","templated":true}]}}