{"id":1033,"date":"2014-10-21T11:31:47","date_gmt":"2014-10-21T11:31:47","guid":{"rendered":"http:\/\/szwajcarkakudowa.pl\/?page_id=1033"},"modified":"2018-05-22T14:43:34","modified_gmt":"2018-05-22T14:43:34","slug":"zimmerpreise","status":"publish","type":"page","link":"http:\/\/szwajcarkakudowa.pl\/de\/unser-angebot\/zimmerpreise\/","title":{"rendered":"Zimmer\/Preise"},"content":{"rendered":"<p>Wir bieten Ihnen 10 komfortabel eingerichtete Zimmer an. Alle Zimmer wurden gr\u00fcndlich renoviert und bequem ausgestattet. Die Einrichtung wurde individuell ausgew\u00e4hlt, zum Teil mit den M\u00f6beln aus der Vorkriegszeit, die mit dem Charakter der R\u00e4ume im Einklang stehen. Im ganzen Haus verf\u00fcgen Sie \u00fcber kabellosen Internetzugang und in jedem Zimmer steht ein Fernseher. Fotos von jedem Zimmer finden si\u0119 in unserer Gallerie.<\/p>\n<p>Der Preis versteht sich inklusive Fr\u00fchst\u00fcck, welches als Buffet angeboten wird. Die Nutzung des Internets, Parkplatzes, Bolzplatzes, Billards, Kaminzimmers und des Gel\u00e4ndes ums Haus sind im Preis enthalten.<\/p>\n<p><strong>Preise pro \u00dcbernachtung:<\/strong><\/p>\n<table class=\"table\" style=\"width: 100%;\" border=\"0\" cellspacing=\"0\" cellpadding=\"0\">\n<tbody>\n<tr style=\"height: 21px;\">\n<td style=\"height: 21px;\" align=\"center\" valign=\"top\">&nbsp;<\/td>\n<td style=\"height: 21px;\" align=\"center\" valign=\"top\"><strong>Zimmarname<\/strong><\/td>\n<td style=\"height: 21px;\" align=\"center\" valign=\"top\"><strong>4 pers.<\/strong><\/td>\n<td style=\"height: 21px;\" align=\"center\" valign=\"top\"><strong>3 pers.<\/strong><\/td>\n<td style=\"height: 21px;\" align=\"center\" valign=\"top\"><strong>2 pers.<\/strong><\/td>\n<td style=\"height: 21px;\" align=\"center\" valign=\"top\"><strong>1 person<\/strong><\/td>\n<\/tr>\n<tr style=\"height: 21px;\">\n<td style=\"height: 21px;\">2 Personen Zimmer (DZ)<\/td>\n<td style=\"height: 21px;\" valign=\"top\">Kaffeezienzimmer<\/td>\n<td style=\"height: 21px;\" align=\"center\">&nbsp;<\/td>\n<td style=\"height: 21px;\" align=\"center\">&nbsp;<\/td>\n<td style=\"height: 21px;\" align=\"center\">200 PLN<\/td>\n<td style=\"height: 21px;\" align=\"center\">140 PLN<\/td>\n<\/tr>\n<tr style=\"height: 21px;\">\n<td style=\"height: 21px;\">2 Personen Zimmer (DZ)<\/td>\n<td style=\"height: 21px;\" valign=\"top\">Lavendelzimmer, Rosezienzimmer<\/td>\n<td style=\"height: 21px;\" align=\"center\">&nbsp;<\/td>\n<td style=\"height: 21px;\" align=\"center\">&nbsp;<\/td>\n<td style=\"height: 21px;\" align=\"center\">200 PLN<\/td>\n<td style=\"height: 21px;\" align=\"center\">140 PLN<\/td>\n<\/tr>\n<tr style=\"height: 21px;\">\n<td style=\"height: 21px;\">2 Personen Zimmer (DZ)<\/td>\n<td style=\"height: 21px;\" valign=\"top\">Nusszimmer<\/td>\n<td style=\"height: 21px;\" align=\"center\">&nbsp;<\/td>\n<td style=\"height: 21px;\" align=\"center\">&nbsp;<\/td>\n<td style=\"height: 21px;\" align=\"center\">220 PLN<\/td>\n<td style=\"height: 21px;\" align=\"center\">&nbsp;<\/td>\n<\/tr>\n<tr style=\"height: 21px;\">\n<td style=\"height: 21px;\">Double room \u201ctwin\u201d (2 one person beds)<\/td>\n<td style=\"height: 21px;\" valign=\"top\">Olivezienzimmer<\/td>\n<td style=\"height: 21px;\" align=\"center\">&nbsp;<\/td>\n<td style=\"height: 21px;\" align=\"center\">&nbsp;<\/td>\n<td style=\"height: 21px;\" align=\"center\">220 PLN<\/td>\n<td style=\"height: 21px;\" align=\"center\">&nbsp;<\/td>\n<\/tr>\n<tr style=\"height: 21px;\">\n<td style=\"height: 21px;\">3 Personen Zimmer (2+1)<\/td>\n<td style=\"height: 21px;\" valign=\"top\">Aniszimmer, Caramelzimmer<\/td>\n<td style=\"height: 21px;\" align=\"center\">&nbsp;<\/td>\n<td style=\"height: 21px;\" align=\"center\">290 PLN<\/td>\n<td style=\"height: 21px;\" align=\"center\">240 PLN<\/td>\n<td style=\"height: 21px;\" align=\"center\">&nbsp;<\/td>\n<\/tr>\n<tr style=\"height: 21px;\">\n<td style=\"height: 21px;\">3 \/4 Personen Zimmer<\/td>\n<td style=\"height: 21px;\" valign=\"top\">Kirschezienzimmer und Pistazienzimmer<\/td>\n<td style=\"height: 21px;\" align=\"center\">320 PLN<\/td>\n<td style=\"height: 21px;\" align=\"center\">260 PLN<\/td>\n<td style=\"height: 21px;\" align=\"center\">&nbsp;<\/td>\n<td style=\"height: 21px;\" align=\"center\">&nbsp;<\/td>\n<\/tr>\n<tr style=\"height: 21px;\">\n<td style=\"height: 21px;\">Appartement (2 Zimmer)<\/td>\n<td style=\"height: 21px;\" valign=\"top\">Vanillezimmer<\/td>\n<td style=\"height: 21px;\" align=\"center\">380 PLN<\/td>\n<td style=\"height: 21px;\" align=\"center\">320 PLN<\/td>\n<td style=\"height: 21px;\" align=\"center\">&nbsp;<\/td>\n<td style=\"height: 21px;\" align=\"center\">&nbsp;<\/td>\n<\/tr>\n<tr style=\"height: 21px;\">\n<td style=\"height: 21px;\">Zimmer DeLux (mit dem Balkon)<\/td>\n<td style=\"height: 21px;\" valign=\"top\">Mandelzimmer<\/td>\n<td style=\"height: 21px;\" align=\"center\">400 PLN<\/td>\n<td style=\"height: 21px;\" align=\"center\">340 PLN<\/td>\n<td style=\"height: 21px;\" align=\"center\">280 PLN<\/td>\n<td style=\"height: 21px;\" align=\"center\">&nbsp;<\/td>\n<\/tr>\n<\/tbody>\n<\/table>\n<p>Kinder bis 3 Jahre, ohne eigenes Bett: kostenlos.<br \/>\nAnreise ab 14 Uhr, Abreise bis 11 Uhr.<br \/>\nKurtaxe f\u00fcr Kudowa-Zdroj: 4 PLN\/Pers.\/Tag (nicht im Preis enthalten).<br \/>\nSprechen Sie uns an, wenn Sie zusaetzliche Informationnen oder spezielle Wuensche haben.<br \/>\nIn unserer Pension wird Deutsch und Englisch gesprochen.<\/p>\n<p style=\"text-align: center;\"><a href=\"de\/galeria\/\"><img loading=\"lazy\" decoding=\"async\" class=\"pic aligncenter\" title=\"DSC_2163\" src=\"http:\/\/www.szwajcarkakudowa.pl\/wp-content\/uploads\/2012\/03\/DSC_2163-300x199.jpg\" alt=\"\" width=\"300\" height=\"199\">Sehen Sie die Galerie<\/a><\/p>\n","protected":false},"excerpt":{"rendered":"<p>Wir bieten Ihnen 10 komfortabel eingerichtete Zimmer an. Alle Zimmer wurden gr\u00fcndlich renoviert und bequem ausgestattet. Die Einrichtung wurde individuell ausgew\u00e4hlt, zum Teil mit den M\u00f6beln aus der Vorkriegszeit, die mit dem Charakter der R\u00e4ume im Einklang stehen. Im ganzen Haus verf\u00fcgen Sie \u00fcber kabellosen Internetzugang und in jedem Zimmer steht ein Fernseher. Fotos von [&hellip;]<\/p>\n","protected":false},"author":4,"featured_media":0,"parent":1021,"menu_order":2,"comment_status":"closed","ping_status":"closed","template":"","meta":{"ngg_post_thumbnail":0,"footnotes":"","_links_to":"","_links_to_target":""},"class_list":["post-1033","page","type-page","status-publish","hentry"],"yoast_head":"<!-- This site is optimized with the Yoast SEO plugin v26.9 - https:\/\/yoast.com\/product\/yoast-seo-wordpress\/ -->\n<title>Zimmer\/Preise - Szwajcarka w Kudowie<\/title>\n<meta name=\"robots\" content=\"index, follow, max-snippet:-1, max-image-preview:large, max-video-preview:-1\" \/>\n<meta property=\"og:locale\" content=\"de_DE\" \/>\n<meta property=\"og:type\" content=\"article\" \/>\n<meta property=\"og:title\" content=\"Zimmer\/Preise - Szwajcarka w Kudowie\" \/>\n<meta property=\"og:description\" content=\"Wir bieten Ihnen 10 komfortabel eingerichtete Zimmer an. Alle Zimmer wurden gr\u00fcndlich renoviert und bequem ausgestattet. Die Einrichtung wurde individuell ausgew\u00e4hlt, zum Teil mit den M\u00f6beln aus der Vorkriegszeit, die mit dem Charakter der R\u00e4ume im Einklang stehen. Im ganzen Haus verf\u00fcgen Sie \u00fcber kabellosen Internetzugang und in jedem Zimmer steht ein Fernseher. Fotos von [&hellip;]\" \/>\n<meta property=\"og:url\" content=\"http:\/\/szwajcarkakudowa.pl\/de\/unser-angebot\/zimmerpreise\/\" \/>\n<meta property=\"og:site_name\" content=\"Szwajcarka w Kudowie\" \/>\n<meta property=\"article:modified_time\" content=\"2018-05-22T14:43:34+00:00\" \/>\n<meta property=\"og:image\" content=\"http:\/\/www.szwajcarkakudowa.pl\/wp-content\/uploads\/2012\/03\/DSC_2163-300x199.jpg\" \/>\n<meta name=\"twitter:label1\" content=\"Gesch\u00e4tzte Lesezeit\" \/>\n\t<meta name=\"twitter:data1\" content=\"1 minute\" \/>\n<script type=\"application\/ld+json\" class=\"yoast-schema-graph\">{\"@context\":\"https:\/\/schema.org\",\"@graph\":[{\"@type\":\"WebPage\",\"@id\":\"http:\/\/szwajcarkakudowa.pl\/de\/unser-angebot\/zimmerpreise\/\",\"url\":\"http:\/\/szwajcarkakudowa.pl\/de\/unser-angebot\/zimmerpreise\/\",\"name\":\"Zimmer\/Preise - Szwajcarka w Kudowie\",\"isPartOf\":{\"@id\":\"http:\/\/szwajcarkakudowa.pl\/de\/#website\"},\"primaryImageOfPage\":{\"@id\":\"http:\/\/szwajcarkakudowa.pl\/de\/unser-angebot\/zimmerpreise\/#primaryimage\"},\"image\":{\"@id\":\"http:\/\/szwajcarkakudowa.pl\/de\/unser-angebot\/zimmerpreise\/#primaryimage\"},\"thumbnailUrl\":\"http:\/\/www.szwajcarkakudowa.pl\/wp-content\/uploads\/2012\/03\/DSC_2163-300x199.jpg\",\"datePublished\":\"2014-10-21T11:31:47+00:00\",\"dateModified\":\"2018-05-22T14:43:34+00:00\",\"breadcrumb\":{\"@id\":\"http:\/\/szwajcarkakudowa.pl\/de\/unser-angebot\/zimmerpreise\/#breadcrumb\"},\"inLanguage\":\"de-DE\",\"potentialAction\":[{\"@type\":\"ReadAction\",\"target\":[\"http:\/\/szwajcarkakudowa.pl\/de\/unser-angebot\/zimmerpreise\/\"]}]},{\"@type\":\"ImageObject\",\"inLanguage\":\"de-DE\",\"@id\":\"http:\/\/szwajcarkakudowa.pl\/de\/unser-angebot\/zimmerpreise\/#primaryimage\",\"url\":\"http:\/\/www.szwajcarkakudowa.pl\/wp-content\/uploads\/2012\/03\/DSC_2163-300x199.jpg\",\"contentUrl\":\"http:\/\/www.szwajcarkakudowa.pl\/wp-content\/uploads\/2012\/03\/DSC_2163-300x199.jpg\"},{\"@type\":\"BreadcrumbList\",\"@id\":\"http:\/\/szwajcarkakudowa.pl\/de\/unser-angebot\/zimmerpreise\/#breadcrumb\",\"itemListElement\":[{\"@type\":\"ListItem\",\"position\":1,\"name\":\"Unser Angebot\",\"item\":\"http:\/\/szwajcarkakudowa.pl\/de\/oferta\/\"},{\"@type\":\"ListItem\",\"position\":2,\"name\":\"Zimmer\/Preise\"}]},{\"@type\":\"WebSite\",\"@id\":\"http:\/\/szwajcarkakudowa.pl\/de\/#website\",\"url\":\"http:\/\/szwajcarkakudowa.pl\/de\/\",\"name\":\"Szwajcarka w Kudowie\",\"description\":\"Dom wypoczynkowy\",\"potentialAction\":[{\"@type\":\"SearchAction\",\"target\":{\"@type\":\"EntryPoint\",\"urlTemplate\":\"http:\/\/szwajcarkakudowa.pl\/de\/?s={search_term_string}\"},\"query-input\":{\"@type\":\"PropertyValueSpecification\",\"valueRequired\":true,\"valueName\":\"search_term_string\"}}],\"inLanguage\":\"de-DE\"}]}<\/script>\n<!-- \/ Yoast SEO plugin. -->","yoast_head_json":{"title":"Zimmer\/Preise - Szwajcarka w Kudowie","robots":{"index":"index","follow":"follow","max-snippet":"max-snippet:-1","max-image-preview":"max-image-preview:large","max-video-preview":"max-video-preview:-1"},"og_locale":"de_DE","og_type":"article","og_title":"Zimmer\/Preise - Szwajcarka w Kudowie","og_description":"Wir bieten Ihnen 10 komfortabel eingerichtete Zimmer an. Alle Zimmer wurden gr\u00fcndlich renoviert und bequem ausgestattet. Die Einrichtung wurde individuell ausgew\u00e4hlt, zum Teil mit den M\u00f6beln aus der Vorkriegszeit, die mit dem Charakter der R\u00e4ume im Einklang stehen. Im ganzen Haus verf\u00fcgen Sie \u00fcber kabellosen Internetzugang und in jedem Zimmer steht ein Fernseher. Fotos von [&hellip;]","og_url":"http:\/\/szwajcarkakudowa.pl\/de\/unser-angebot\/zimmerpreise\/","og_site_name":"Szwajcarka w Kudowie","article_modified_time":"2018-05-22T14:43:34+00:00","og_image":[{"url":"http:\/\/www.szwajcarkakudowa.pl\/wp-content\/uploads\/2012\/03\/DSC_2163-300x199.jpg","type":"","width":"","height":""}],"twitter_misc":{"Gesch\u00e4tzte Lesezeit":"1 minute"},"schema":{"@context":"https:\/\/schema.org","@graph":[{"@type":"WebPage","@id":"http:\/\/szwajcarkakudowa.pl\/de\/unser-angebot\/zimmerpreise\/","url":"http:\/\/szwajcarkakudowa.pl\/de\/unser-angebot\/zimmerpreise\/","name":"Zimmer\/Preise - Szwajcarka w Kudowie","isPartOf":{"@id":"http:\/\/szwajcarkakudowa.pl\/de\/#website"},"primaryImageOfPage":{"@id":"http:\/\/szwajcarkakudowa.pl\/de\/unser-angebot\/zimmerpreise\/#primaryimage"},"image":{"@id":"http:\/\/szwajcarkakudowa.pl\/de\/unser-angebot\/zimmerpreise\/#primaryimage"},"thumbnailUrl":"http:\/\/www.szwajcarkakudowa.pl\/wp-content\/uploads\/2012\/03\/DSC_2163-300x199.jpg","datePublished":"2014-10-21T11:31:47+00:00","dateModified":"2018-05-22T14:43:34+00:00","breadcrumb":{"@id":"http:\/\/szwajcarkakudowa.pl\/de\/unser-angebot\/zimmerpreise\/#breadcrumb"},"inLanguage":"de-DE","potentialAction":[{"@type":"ReadAction","target":["http:\/\/szwajcarkakudowa.pl\/de\/unser-angebot\/zimmerpreise\/"]}]},{"@type":"ImageObject","inLanguage":"de-DE","@id":"http:\/\/szwajcarkakudowa.pl\/de\/unser-angebot\/zimmerpreise\/#primaryimage","url":"http:\/\/www.szwajcarkakudowa.pl\/wp-content\/uploads\/2012\/03\/DSC_2163-300x199.jpg","contentUrl":"http:\/\/www.szwajcarkakudowa.pl\/wp-content\/uploads\/2012\/03\/DSC_2163-300x199.jpg"},{"@type":"BreadcrumbList","@id":"http:\/\/szwajcarkakudowa.pl\/de\/unser-angebot\/zimmerpreise\/#breadcrumb","itemListElement":[{"@type":"ListItem","position":1,"name":"Unser Angebot","item":"http:\/\/szwajcarkakudowa.pl\/de\/oferta\/"},{"@type":"ListItem","position":2,"name":"Zimmer\/Preise"}]},{"@type":"WebSite","@id":"http:\/\/szwajcarkakudowa.pl\/de\/#website","url":"http:\/\/szwajcarkakudowa.pl\/de\/","name":"Szwajcarka w Kudowie","description":"Dom wypoczynkowy","potentialAction":[{"@type":"SearchAction","target":{"@type":"EntryPoint","urlTemplate":"http:\/\/szwajcarkakudowa.pl\/de\/?s={search_term_string}"},"query-input":{"@type":"PropertyValueSpecification","valueRequired":true,"valueName":"search_term_string"}}],"inLanguage":"de-DE"}]}},"_links":{"self":[{"href":"http:\/\/szwajcarkakudowa.pl\/de\/wp-json\/wp\/v2\/pages\/1033","targetHints":{"allow":["GET"]}}],"collection":[{"href":"http:\/\/szwajcarkakudowa.pl\/de\/wp-json\/wp\/v2\/pages"}],"about":[{"href":"http:\/\/szwajcarkakudowa.pl\/de\/wp-json\/wp\/v2\/types\/page"}],"author":[{"embeddable":true,"href":"http:\/\/szwajcarkakudowa.pl\/de\/wp-json\/wp\/v2\/users\/4"}],"replies":[{"embeddable":true,"href":"http:\/\/szwajcarkakudowa.pl\/de\/wp-json\/wp\/v2\/comments?post=1033"}],"version-history":[{"count":7,"href":"http:\/\/szwajcarkakudowa.pl\/de\/wp-json\/wp\/v2\/pages\/1033\/revisions"}],"predecessor-version":[{"id":1498,"href":"http:\/\/szwajcarkakudowa.pl\/de\/wp-json\/wp\/v2\/pages\/1033\/revisions\/1498"}],"up":[{"embeddable":true,"href":"http:\/\/szwajcarkakudowa.pl\/de\/wp-json\/wp\/v2\/pages\/1021"}],"wp:attachment":[{"href":"http:\/\/szwajcarkakudowa.pl\/de\/wp-json\/wp\/v2\/media?parent=1033"}],"curies":[{"name":"wp","href":"https:\/\/api.w.org\/{rel}","templated":true}]}}