{"id":1016,"date":"2014-10-21T11:23:11","date_gmt":"2014-10-21T11:23:11","guid":{"rendered":"http:\/\/szwajcarkakudowa.pl\/?page_id=1016"},"modified":"2014-10-21T11:23:11","modified_gmt":"2014-10-21T11:23:11","slug":"uber-uns-2","status":"publish","type":"page","link":"http:\/\/szwajcarkakudowa.pl\/de\/uber-uns-2\/","title":{"rendered":"\u00dcber uns"},"content":{"rendered":"<p>\u201eSzwajcarka\u201c ist besonders \u2013 in Bezug auf ihre Lage, Geschichte und Architektur. Wir sorgen daf\u00fcr, dass die Innenr\u00e4ume und die hier herrschende Atmosph\u00e4re mit dieser Besonderheit im Einklang sind.<\/p>\n<p>Hinter uns liegen 20 Jahre eines vom Stress und Hektik gepr\u00e4gten Lebens in einer Gro\u00dfstadt. Wir meinen zu wissen, was unsere G\u00e4ste suchen wenn sie der Stadt entfliehen um Ruhe und Entspannung zu finden. Es ist noch nicht so lange her, dass wir selbst nach einem Weg gesucht haben, der Hektik, Anonymit\u00e4t und endloser Lauferei zu entfliehen. Jetzt schaffen wir einen Ort mit angenehmer Atmosph\u00e4re und sind gl\u00fccklich, wenn wir den Erwartungen unserer G\u00e4ste gewachsen sind.<\/p>\n<p>Wir bieten nicht nur komfortable G\u00e4stezimmer an. F\u00fcr uns sind eine geschmacksvolle Einrichtung, Satteliten-Fernsehen, ein sauber gl\u00e4nzendes Bad und kabelloser Internetzugang eine Selbstverst\u00e4ndlichkeit. Jedoch die richtige Erholung bedeutet nicht nur die Physis zu entspannen. Umso wichtiger sind positive Emotionen, Ruhe, psychisches Abschalten vom Alltag, Freundlichkeit und Offenheit der Menschen \u2013 kurz: Harmonie in allem, was den Gast umgibt.<\/p>\n<p>Dies ist unser Ansporn: Ihnen solch eine Zeit in unserem Haus zu bereiten, dass Sie nach \u201eSzwajcarka\u201c immer wieder zur\u00fcck wollen \u2013 auch wenn nur in Gedanken und Erinnerungen. Und auch, wenn es nur f\u00fcr kurz, f\u00fcr eine Woche oder f\u00fcr langes Wochenende ist: wenn es gelingt mit der Alltagslauferei zu brechen, lohnt sich auf jeden Fall, \u201eSzwajcarka\u201c zu besuchen und den Glatzen Kessel (Kotlina Klodzka) aufzusuchen, welcher nicht ohne Grund \u201eder Winkel Gottes\u201c genannt wird. \u00a0<\/p>\n<p>Hier k\u00f6nnen Sie sowohl Ihre Sommer- als auch Ihre Winterferien attraktiv verbringen. Ein kurzer Wochenendabstecher l\u00e4sst sicherlich Ihre Kr\u00e4fte regenerieren. Aufenthalte im Fr\u00fchjahr und im Hebst geben Ihnen eine einzigartige Chance, die Reize der Natur in den Bergen ungest\u00f6rt von gro\u00dfen Touristengruppen zu bewundern. \u201eSzwajcarka\u201c kann zum St\u00fctzpunkt f\u00fcr landschaftliche Erkundungen, Ausfl\u00fcge zu Fu\u00df, mit dem Rad und f\u00fcr paar Monate im Jahr auch f\u00fcr die Nutzung der nahen Skipisten werden und so den Erwartungen der G\u00e4ste, die eine aktive Erholung bevorzugen, entgegen kommen.<\/p>\n<p><strong>Wir laden Sie herzlich zum Besuch ein!<\/strong><\/p>\n<p style=\"text-align: center;\"><a href=\"\/de\/galeria\/kudowa\/szwajcarka\/szwajcarka\/\"><img loading=\"lazy\" decoding=\"async\" class=\"pic aligncenter\" src=\"http:\/\/www.szwajcarkakudowa.pl\/wp-content\/uploads\/2012\/03\/DSC_1686-300x199.jpg\" alt=\"\" width=\"300\" height=\"199\" \/>Sehen Sie die Galerie<\/a><\/p>\n","protected":false},"excerpt":{"rendered":"<p>\u201eSzwajcarka\u201c ist besonders \u2013 in Bezug auf ihre Lage, Geschichte und Architektur. Wir sorgen daf\u00fcr, dass die Innenr\u00e4ume und die hier herrschende Atmosph\u00e4re mit dieser Besonderheit im Einklang sind. Hinter uns liegen 20 Jahre eines vom Stress und Hektik gepr\u00e4gten Lebens in einer Gro\u00dfstadt. Wir meinen zu wissen, was unsere G\u00e4ste suchen wenn sie der [&hellip;]<\/p>\n","protected":false},"author":4,"featured_media":0,"parent":0,"menu_order":2,"comment_status":"closed","ping_status":"closed","template":"","meta":{"ngg_post_thumbnail":0,"footnotes":"","_links_to":"","_links_to_target":""},"class_list":["post-1016","page","type-page","status-publish","hentry"],"yoast_head":"<!-- This site is optimized with the Yoast SEO plugin v26.9 - https:\/\/yoast.com\/product\/yoast-seo-wordpress\/ -->\n<title>\u00dcber uns - Szwajcarka w Kudowie<\/title>\n<meta name=\"robots\" content=\"index, follow, max-snippet:-1, max-image-preview:large, max-video-preview:-1\" \/>\n<meta property=\"og:locale\" content=\"de_DE\" \/>\n<meta property=\"og:type\" content=\"article\" \/>\n<meta property=\"og:title\" content=\"\u00dcber uns - Szwajcarka w Kudowie\" \/>\n<meta property=\"og:description\" content=\"\u201eSzwajcarka\u201c ist besonders \u2013 in Bezug auf ihre Lage, Geschichte und Architektur. Wir sorgen daf\u00fcr, dass die Innenr\u00e4ume und die hier herrschende Atmosph\u00e4re mit dieser Besonderheit im Einklang sind. Hinter uns liegen 20 Jahre eines vom Stress und Hektik gepr\u00e4gten Lebens in einer Gro\u00dfstadt. Wir meinen zu wissen, was unsere G\u00e4ste suchen wenn sie der [&hellip;]\" \/>\n<meta property=\"og:url\" content=\"http:\/\/szwajcarkakudowa.pl\/de\/uber-uns-2\/\" \/>\n<meta property=\"og:site_name\" content=\"Szwajcarka w Kudowie\" \/>\n<meta property=\"og:image\" content=\"http:\/\/www.szwajcarkakudowa.pl\/wp-content\/uploads\/2012\/03\/DSC_1686-300x199.jpg\" \/>\n<meta name=\"twitter:label1\" content=\"Gesch\u00e4tzte Lesezeit\" \/>\n\t<meta name=\"twitter:data1\" content=\"2 minutes\" \/>\n<script type=\"application\/ld+json\" class=\"yoast-schema-graph\">{\"@context\":\"https:\/\/schema.org\",\"@graph\":[{\"@type\":\"WebPage\",\"@id\":\"http:\/\/szwajcarkakudowa.pl\/de\/uber-uns-2\/\",\"url\":\"http:\/\/szwajcarkakudowa.pl\/de\/uber-uns-2\/\",\"name\":\"\u00dcber uns - Szwajcarka w Kudowie\",\"isPartOf\":{\"@id\":\"http:\/\/szwajcarkakudowa.pl\/de\/#website\"},\"primaryImageOfPage\":{\"@id\":\"http:\/\/szwajcarkakudowa.pl\/de\/uber-uns-2\/#primaryimage\"},\"image\":{\"@id\":\"http:\/\/szwajcarkakudowa.pl\/de\/uber-uns-2\/#primaryimage\"},\"thumbnailUrl\":\"http:\/\/www.szwajcarkakudowa.pl\/wp-content\/uploads\/2012\/03\/DSC_1686-300x199.jpg\",\"datePublished\":\"2014-10-21T11:23:11+00:00\",\"inLanguage\":\"de-DE\",\"potentialAction\":[{\"@type\":\"ReadAction\",\"target\":[\"http:\/\/szwajcarkakudowa.pl\/de\/uber-uns-2\/\"]}]},{\"@type\":\"ImageObject\",\"inLanguage\":\"de-DE\",\"@id\":\"http:\/\/szwajcarkakudowa.pl\/de\/uber-uns-2\/#primaryimage\",\"url\":\"http:\/\/www.szwajcarkakudowa.pl\/wp-content\/uploads\/2012\/03\/DSC_1686-300x199.jpg\",\"contentUrl\":\"http:\/\/www.szwajcarkakudowa.pl\/wp-content\/uploads\/2012\/03\/DSC_1686-300x199.jpg\"},{\"@type\":\"WebSite\",\"@id\":\"http:\/\/szwajcarkakudowa.pl\/de\/#website\",\"url\":\"http:\/\/szwajcarkakudowa.pl\/de\/\",\"name\":\"Szwajcarka w Kudowie\",\"description\":\"Dom wypoczynkowy\",\"potentialAction\":[{\"@type\":\"SearchAction\",\"target\":{\"@type\":\"EntryPoint\",\"urlTemplate\":\"http:\/\/szwajcarkakudowa.pl\/de\/?s={search_term_string}\"},\"query-input\":{\"@type\":\"PropertyValueSpecification\",\"valueRequired\":true,\"valueName\":\"search_term_string\"}}],\"inLanguage\":\"de-DE\"}]}<\/script>\n<!-- \/ Yoast SEO plugin. -->","yoast_head_json":{"title":"\u00dcber uns - Szwajcarka w Kudowie","robots":{"index":"index","follow":"follow","max-snippet":"max-snippet:-1","max-image-preview":"max-image-preview:large","max-video-preview":"max-video-preview:-1"},"og_locale":"de_DE","og_type":"article","og_title":"\u00dcber uns - Szwajcarka w Kudowie","og_description":"\u201eSzwajcarka\u201c ist besonders \u2013 in Bezug auf ihre Lage, Geschichte und Architektur. Wir sorgen daf\u00fcr, dass die Innenr\u00e4ume und die hier herrschende Atmosph\u00e4re mit dieser Besonderheit im Einklang sind. Hinter uns liegen 20 Jahre eines vom Stress und Hektik gepr\u00e4gten Lebens in einer Gro\u00dfstadt. Wir meinen zu wissen, was unsere G\u00e4ste suchen wenn sie der [&hellip;]","og_url":"http:\/\/szwajcarkakudowa.pl\/de\/uber-uns-2\/","og_site_name":"Szwajcarka w Kudowie","og_image":[{"url":"http:\/\/www.szwajcarkakudowa.pl\/wp-content\/uploads\/2012\/03\/DSC_1686-300x199.jpg","type":"","width":"","height":""}],"twitter_misc":{"Gesch\u00e4tzte Lesezeit":"2 minutes"},"schema":{"@context":"https:\/\/schema.org","@graph":[{"@type":"WebPage","@id":"http:\/\/szwajcarkakudowa.pl\/de\/uber-uns-2\/","url":"http:\/\/szwajcarkakudowa.pl\/de\/uber-uns-2\/","name":"\u00dcber uns - Szwajcarka w Kudowie","isPartOf":{"@id":"http:\/\/szwajcarkakudowa.pl\/de\/#website"},"primaryImageOfPage":{"@id":"http:\/\/szwajcarkakudowa.pl\/de\/uber-uns-2\/#primaryimage"},"image":{"@id":"http:\/\/szwajcarkakudowa.pl\/de\/uber-uns-2\/#primaryimage"},"thumbnailUrl":"http:\/\/www.szwajcarkakudowa.pl\/wp-content\/uploads\/2012\/03\/DSC_1686-300x199.jpg","datePublished":"2014-10-21T11:23:11+00:00","inLanguage":"de-DE","potentialAction":[{"@type":"ReadAction","target":["http:\/\/szwajcarkakudowa.pl\/de\/uber-uns-2\/"]}]},{"@type":"ImageObject","inLanguage":"de-DE","@id":"http:\/\/szwajcarkakudowa.pl\/de\/uber-uns-2\/#primaryimage","url":"http:\/\/www.szwajcarkakudowa.pl\/wp-content\/uploads\/2012\/03\/DSC_1686-300x199.jpg","contentUrl":"http:\/\/www.szwajcarkakudowa.pl\/wp-content\/uploads\/2012\/03\/DSC_1686-300x199.jpg"},{"@type":"WebSite","@id":"http:\/\/szwajcarkakudowa.pl\/de\/#website","url":"http:\/\/szwajcarkakudowa.pl\/de\/","name":"Szwajcarka w Kudowie","description":"Dom wypoczynkowy","potentialAction":[{"@type":"SearchAction","target":{"@type":"EntryPoint","urlTemplate":"http:\/\/szwajcarkakudowa.pl\/de\/?s={search_term_string}"},"query-input":{"@type":"PropertyValueSpecification","valueRequired":true,"valueName":"search_term_string"}}],"inLanguage":"de-DE"}]}},"_links":{"self":[{"href":"http:\/\/szwajcarkakudowa.pl\/de\/wp-json\/wp\/v2\/pages\/1016","targetHints":{"allow":["GET"]}}],"collection":[{"href":"http:\/\/szwajcarkakudowa.pl\/de\/wp-json\/wp\/v2\/pages"}],"about":[{"href":"http:\/\/szwajcarkakudowa.pl\/de\/wp-json\/wp\/v2\/types\/page"}],"author":[{"embeddable":true,"href":"http:\/\/szwajcarkakudowa.pl\/de\/wp-json\/wp\/v2\/users\/4"}],"replies":[{"embeddable":true,"href":"http:\/\/szwajcarkakudowa.pl\/de\/wp-json\/wp\/v2\/comments?post=1016"}],"version-history":[{"count":1,"href":"http:\/\/szwajcarkakudowa.pl\/de\/wp-json\/wp\/v2\/pages\/1016\/revisions"}],"predecessor-version":[{"id":1017,"href":"http:\/\/szwajcarkakudowa.pl\/de\/wp-json\/wp\/v2\/pages\/1016\/revisions\/1017"}],"wp:attachment":[{"href":"http:\/\/szwajcarkakudowa.pl\/de\/wp-json\/wp\/v2\/media?parent=1016"}],"curies":[{"name":"wp","href":"https:\/\/api.w.org\/{rel}","templated":true}]}}