{"id":1014,"date":"2014-10-21T11:22:33","date_gmt":"2014-10-21T11:22:33","guid":{"rendered":"http:\/\/szwajcarkakudowa.pl\/?page_id=1014"},"modified":"2014-10-21T11:22:33","modified_gmt":"2014-10-21T11:22:33","slug":"geschichte-2","status":"publish","type":"page","link":"http:\/\/szwajcarkakudowa.pl\/de\/uber-uns-2\/geschichte-2\/","title":{"rendered":"Geschichte"},"content":{"rendered":"<p>Unser Haus ist \u00fcber 100 Jahre alt. Es erinnert sich also an Tausende von Lebensgeschichten, welche in seinem Inneren erz\u00e4hlt und gelebt worden sind. Von Anfang an war dieses Haus als Ort der Erholung gedacht: in den oberen Gescho\u00dfen &#8211; mit seinen G\u00e4stezimmern, im Erdgescho\u00df &#8211; mit dem Restaurant und seiner Tanzfl\u00e4che, welches in der Sommersaison um zus\u00e4tzliche Tische im Freien erg\u00e4nzt wird. Aus jener Zeit stammt auch der Name \u201eSzwajcarka\u201c. Auf alten Aussichtskarten ist die m\u00e4chtige \u201eGastst\u00e4tte Schweizerei\u201c zu sehen, die den frisch rundherum angepflanzten Wald dominiert. Diese Bilder sind aus den 20-iger und 30-iger Jahren des vergangenen Jahrhunderts. \u00dcber eine kurze Zeit (1940-1945) hie\u00df das Haus Waldrestaurant \u201eGr\u00fcner Wald\u201c.<\/p>\n<p>Jahre verstrichen, die Wirklichkeit \u00e4nderte sich. Die B\u00e4ume um unsere \u201eSzwajcarka\u201c wurden gr\u00f6\u00dfer und gr\u00f6\u00dfer. Mit dem Beginn neuer Zeiten wurde das Haus &#8211; ohne seine Bestimmung zu verlieren \u2013 zu einer Ferienanlage und bekam den reizenden Namen \u201eJunak 2\u201c (\u201ePionierchen\u201c).<\/p>\n<p>Anfang der 90-iger Jahre wurde das Haus von einem Energieversorger gekauft und umfassend saniert (daher auch auf dem Turm das Datum 1994). Im Herbst 2010 erlagen wir selbst dem Zauber des Hauses und k\u00f6nnen sagen: Es war Liebe auf den ersten Blick. Seit 2011 ist \u201eSzwajcarka\u201c unser. Wobei, bei Betrachtung der Geschichte des Hauses, sollen wir eher sagen, dass Es uns erlaubt, Es seit 2011 zu begleiten. Denn Menschen kamen und gingen, Standards und Systeme \u00e4nderten sich, doch \u201eSzwajcarka\u201c bestand und besteht seit \u00fcber 100 Jahren. Sie h\u00f6rt unseren Geschichten zu und umgibt unser Leben mit W\u00e4rme, wie es jedes gute Heim tut&#8230;<\/p>\n<p style=\"text-align: center;\"><a href=\"\/de\/galeria\/kudowa\/szwajcarka\/dawna-kudowa-i-szwajcarka\/\"><img decoding=\"async\" class=\"pic aligncenter\" title=\"Szwajcarka kiedy\u015b\" src=\"http:\/\/www.szwajcarkakudowa.pl\/wp-content\/uploads\/2012\/02\/szwajcarka_old-300x195.jpg\" alt=\"\" \/><\/a><\/p>\n<p style=\"text-align: center;\"><a href=\"\/de\/galeria\/kudowa\/szwajcarka\/dawna-kudowa-i-szwajcarka\/\">Sehen Sie die Galerie<\/a><\/p>\n","protected":false},"excerpt":{"rendered":"<p>Unser Haus ist \u00fcber 100 Jahre alt. Es erinnert sich also an Tausende von Lebensgeschichten, welche in seinem Inneren erz\u00e4hlt und gelebt worden sind. Von Anfang an war dieses Haus als Ort der Erholung gedacht: in den oberen Gescho\u00dfen &#8211; mit seinen G\u00e4stezimmern, im Erdgescho\u00df &#8211; mit dem Restaurant und seiner Tanzfl\u00e4che, welches in der [&hellip;]<\/p>\n","protected":false},"author":4,"featured_media":0,"parent":1016,"menu_order":2,"comment_status":"closed","ping_status":"closed","template":"","meta":{"ngg_post_thumbnail":0,"footnotes":"","_links_to":"","_links_to_target":""},"class_list":["post-1014","page","type-page","status-publish","hentry"],"yoast_head":"<!-- This site is optimized with the Yoast SEO plugin v26.9 - https:\/\/yoast.com\/product\/yoast-seo-wordpress\/ -->\n<title>Geschichte - Szwajcarka w Kudowie<\/title>\n<meta name=\"robots\" content=\"index, follow, max-snippet:-1, max-image-preview:large, max-video-preview:-1\" \/>\n<meta property=\"og:locale\" content=\"de_DE\" \/>\n<meta property=\"og:type\" content=\"article\" \/>\n<meta property=\"og:title\" content=\"Geschichte - Szwajcarka w Kudowie\" \/>\n<meta property=\"og:description\" content=\"Unser Haus ist \u00fcber 100 Jahre alt. Es erinnert sich also an Tausende von Lebensgeschichten, welche in seinem Inneren erz\u00e4hlt und gelebt worden sind. Von Anfang an war dieses Haus als Ort der Erholung gedacht: in den oberen Gescho\u00dfen &#8211; mit seinen G\u00e4stezimmern, im Erdgescho\u00df &#8211; mit dem Restaurant und seiner Tanzfl\u00e4che, welches in der [&hellip;]\" \/>\n<meta property=\"og:url\" content=\"http:\/\/szwajcarkakudowa.pl\/de\/uber-uns-2\/geschichte-2\/\" \/>\n<meta property=\"og:site_name\" content=\"Szwajcarka w Kudowie\" \/>\n<meta property=\"og:image\" content=\"http:\/\/www.szwajcarkakudowa.pl\/wp-content\/uploads\/2012\/02\/szwajcarka_old-300x195.jpg\" \/>\n<meta name=\"twitter:label1\" content=\"Gesch\u00e4tzte Lesezeit\" \/>\n\t<meta name=\"twitter:data1\" content=\"1 minute\" \/>\n<script type=\"application\/ld+json\" class=\"yoast-schema-graph\">{\"@context\":\"https:\/\/schema.org\",\"@graph\":[{\"@type\":\"WebPage\",\"@id\":\"http:\/\/szwajcarkakudowa.pl\/de\/uber-uns-2\/geschichte-2\/\",\"url\":\"http:\/\/szwajcarkakudowa.pl\/de\/uber-uns-2\/geschichte-2\/\",\"name\":\"Geschichte - Szwajcarka w Kudowie\",\"isPartOf\":{\"@id\":\"http:\/\/szwajcarkakudowa.pl\/de\/#website\"},\"primaryImageOfPage\":{\"@id\":\"http:\/\/szwajcarkakudowa.pl\/de\/uber-uns-2\/geschichte-2\/#primaryimage\"},\"image\":{\"@id\":\"http:\/\/szwajcarkakudowa.pl\/de\/uber-uns-2\/geschichte-2\/#primaryimage\"},\"thumbnailUrl\":\"http:\/\/www.szwajcarkakudowa.pl\/wp-content\/uploads\/2012\/02\/szwajcarka_old-300x195.jpg\",\"datePublished\":\"2014-10-21T11:22:33+00:00\",\"breadcrumb\":{\"@id\":\"http:\/\/szwajcarkakudowa.pl\/de\/uber-uns-2\/geschichte-2\/#breadcrumb\"},\"inLanguage\":\"de-DE\",\"potentialAction\":[{\"@type\":\"ReadAction\",\"target\":[\"http:\/\/szwajcarkakudowa.pl\/de\/uber-uns-2\/geschichte-2\/\"]}]},{\"@type\":\"ImageObject\",\"inLanguage\":\"de-DE\",\"@id\":\"http:\/\/szwajcarkakudowa.pl\/de\/uber-uns-2\/geschichte-2\/#primaryimage\",\"url\":\"http:\/\/www.szwajcarkakudowa.pl\/wp-content\/uploads\/2012\/02\/szwajcarka_old-300x195.jpg\",\"contentUrl\":\"http:\/\/www.szwajcarkakudowa.pl\/wp-content\/uploads\/2012\/02\/szwajcarka_old-300x195.jpg\"},{\"@type\":\"BreadcrumbList\",\"@id\":\"http:\/\/szwajcarkakudowa.pl\/de\/uber-uns-2\/geschichte-2\/#breadcrumb\",\"itemListElement\":[{\"@type\":\"ListItem\",\"position\":1,\"name\":\"\u00dcber uns\",\"item\":\"http:\/\/szwajcarkakudowa.pl\/de\/?page_id=26\"},{\"@type\":\"ListItem\",\"position\":2,\"name\":\"Geschichte\"}]},{\"@type\":\"WebSite\",\"@id\":\"http:\/\/szwajcarkakudowa.pl\/de\/#website\",\"url\":\"http:\/\/szwajcarkakudowa.pl\/de\/\",\"name\":\"Szwajcarka w Kudowie\",\"description\":\"Dom wypoczynkowy\",\"potentialAction\":[{\"@type\":\"SearchAction\",\"target\":{\"@type\":\"EntryPoint\",\"urlTemplate\":\"http:\/\/szwajcarkakudowa.pl\/de\/?s={search_term_string}\"},\"query-input\":{\"@type\":\"PropertyValueSpecification\",\"valueRequired\":true,\"valueName\":\"search_term_string\"}}],\"inLanguage\":\"de-DE\"}]}<\/script>\n<!-- \/ Yoast SEO plugin. -->","yoast_head_json":{"title":"Geschichte - Szwajcarka w Kudowie","robots":{"index":"index","follow":"follow","max-snippet":"max-snippet:-1","max-image-preview":"max-image-preview:large","max-video-preview":"max-video-preview:-1"},"og_locale":"de_DE","og_type":"article","og_title":"Geschichte - Szwajcarka w Kudowie","og_description":"Unser Haus ist \u00fcber 100 Jahre alt. Es erinnert sich also an Tausende von Lebensgeschichten, welche in seinem Inneren erz\u00e4hlt und gelebt worden sind. Von Anfang an war dieses Haus als Ort der Erholung gedacht: in den oberen Gescho\u00dfen &#8211; mit seinen G\u00e4stezimmern, im Erdgescho\u00df &#8211; mit dem Restaurant und seiner Tanzfl\u00e4che, welches in der [&hellip;]","og_url":"http:\/\/szwajcarkakudowa.pl\/de\/uber-uns-2\/geschichte-2\/","og_site_name":"Szwajcarka w Kudowie","og_image":[{"url":"http:\/\/www.szwajcarkakudowa.pl\/wp-content\/uploads\/2012\/02\/szwajcarka_old-300x195.jpg","type":"","width":"","height":""}],"twitter_misc":{"Gesch\u00e4tzte Lesezeit":"1 minute"},"schema":{"@context":"https:\/\/schema.org","@graph":[{"@type":"WebPage","@id":"http:\/\/szwajcarkakudowa.pl\/de\/uber-uns-2\/geschichte-2\/","url":"http:\/\/szwajcarkakudowa.pl\/de\/uber-uns-2\/geschichte-2\/","name":"Geschichte - Szwajcarka w Kudowie","isPartOf":{"@id":"http:\/\/szwajcarkakudowa.pl\/de\/#website"},"primaryImageOfPage":{"@id":"http:\/\/szwajcarkakudowa.pl\/de\/uber-uns-2\/geschichte-2\/#primaryimage"},"image":{"@id":"http:\/\/szwajcarkakudowa.pl\/de\/uber-uns-2\/geschichte-2\/#primaryimage"},"thumbnailUrl":"http:\/\/www.szwajcarkakudowa.pl\/wp-content\/uploads\/2012\/02\/szwajcarka_old-300x195.jpg","datePublished":"2014-10-21T11:22:33+00:00","breadcrumb":{"@id":"http:\/\/szwajcarkakudowa.pl\/de\/uber-uns-2\/geschichte-2\/#breadcrumb"},"inLanguage":"de-DE","potentialAction":[{"@type":"ReadAction","target":["http:\/\/szwajcarkakudowa.pl\/de\/uber-uns-2\/geschichte-2\/"]}]},{"@type":"ImageObject","inLanguage":"de-DE","@id":"http:\/\/szwajcarkakudowa.pl\/de\/uber-uns-2\/geschichte-2\/#primaryimage","url":"http:\/\/www.szwajcarkakudowa.pl\/wp-content\/uploads\/2012\/02\/szwajcarka_old-300x195.jpg","contentUrl":"http:\/\/www.szwajcarkakudowa.pl\/wp-content\/uploads\/2012\/02\/szwajcarka_old-300x195.jpg"},{"@type":"BreadcrumbList","@id":"http:\/\/szwajcarkakudowa.pl\/de\/uber-uns-2\/geschichte-2\/#breadcrumb","itemListElement":[{"@type":"ListItem","position":1,"name":"\u00dcber uns","item":"http:\/\/szwajcarkakudowa.pl\/de\/?page_id=26"},{"@type":"ListItem","position":2,"name":"Geschichte"}]},{"@type":"WebSite","@id":"http:\/\/szwajcarkakudowa.pl\/de\/#website","url":"http:\/\/szwajcarkakudowa.pl\/de\/","name":"Szwajcarka w Kudowie","description":"Dom wypoczynkowy","potentialAction":[{"@type":"SearchAction","target":{"@type":"EntryPoint","urlTemplate":"http:\/\/szwajcarkakudowa.pl\/de\/?s={search_term_string}"},"query-input":{"@type":"PropertyValueSpecification","valueRequired":true,"valueName":"search_term_string"}}],"inLanguage":"de-DE"}]}},"_links":{"self":[{"href":"http:\/\/szwajcarkakudowa.pl\/de\/wp-json\/wp\/v2\/pages\/1014","targetHints":{"allow":["GET"]}}],"collection":[{"href":"http:\/\/szwajcarkakudowa.pl\/de\/wp-json\/wp\/v2\/pages"}],"about":[{"href":"http:\/\/szwajcarkakudowa.pl\/de\/wp-json\/wp\/v2\/types\/page"}],"author":[{"embeddable":true,"href":"http:\/\/szwajcarkakudowa.pl\/de\/wp-json\/wp\/v2\/users\/4"}],"replies":[{"embeddable":true,"href":"http:\/\/szwajcarkakudowa.pl\/de\/wp-json\/wp\/v2\/comments?post=1014"}],"version-history":[{"count":1,"href":"http:\/\/szwajcarkakudowa.pl\/de\/wp-json\/wp\/v2\/pages\/1014\/revisions"}],"predecessor-version":[{"id":1015,"href":"http:\/\/szwajcarkakudowa.pl\/de\/wp-json\/wp\/v2\/pages\/1014\/revisions\/1015"}],"up":[{"embeddable":true,"href":"http:\/\/szwajcarkakudowa.pl\/de\/wp-json\/wp\/v2\/pages\/1016"}],"wp:attachment":[{"href":"http:\/\/szwajcarkakudowa.pl\/de\/wp-json\/wp\/v2\/media?parent=1014"}],"curies":[{"name":"wp","href":"https:\/\/api.w.org\/{rel}","templated":true}]}}